{"id":18,"date":"2024-03-28T14:38:27","date_gmt":"2024-03-28T13:38:27","guid":{"rendered":"https:\/\/upplevsoderasen.se\/smakerfransoderasen\/?page_id=18"},"modified":"2025-03-28T10:41:18","modified_gmt":"2025-03-28T09:41:18","slug":"bli-medlem","status":"publish","type":"page","link":"https:\/\/upplevsoderasen.se\/smakerfransoderasen\/bli-medlem\/","title":{"rendered":"Bli medlem"},"content":{"rendered":"<p>[et_pb_section fb_built=&#8221;1&#8243; _builder_version=&#8221;4.24.2&#8243; _module_preset=&#8221;default&#8221; use_background_color_gradient=&#8221;on&#8221; background_color_gradient_direction=&#8221;90deg&#8221; background_color_gradient_stops=&#8221;#3f3f3f 0%|rgba(0,0,0,0.26) 100%&#8221; background_color_gradient_overlays_image=&#8221;on&#8221; background_color_gradient_start=&#8221;#000000&#8243; background_color_gradient_end=&#8221;rgba(0,0,0,0.26)&#8221; background_image=&#8221;http:\/\/upplevsoderasen.se\/smakerfransoderasen\/wp-content\/uploads\/sites\/3\/2024\/03\/Z8B3357_websize.jpg&#8221; background_position=&#8221;bottom_center&#8221; custom_padding=&#8221;158px|||||&#8221; bottom_divider_color=&#8221;#FFFFFF&#8221; bottom_divider_height_tablet=&#8221;&#8221; bottom_divider_height_phone=&#8221;50px&#8221; bottom_divider_height_last_edited=&#8221;on|phone&#8221; global_colors_info=&#8221;{}&#8221;][et_pb_row column_structure=&#8221;3_5,2_5&#8243; _builder_version=&#8221;4.16&#8243; _module_preset=&#8221;_initial&#8221; max_width=&#8221;1200px&#8221; global_colors_info=&#8221;{}&#8221;][et_pb_column type=&#8221;3_5&#8243; _builder_version=&#8221;4.16&#8243; _module_preset=&#8221;default&#8221; global_colors_info=&#8221;{}&#8221;][et_pb_text _builder_version=&#8221;4.24.3&#8243; _module_preset=&#8221;default&#8221; text_text_color=&#8221;#E5E5E5&#8243; text_font_size=&#8221;20px&#8221; header_font=&#8221;||||||||&#8221; header_text_color=&#8221;#FFFFFF&#8221; header_font_size=&#8221;68px&#8221; header_4_font=&#8221;|||on|||||&#8221; header_4_text_color=&#8221;#E5E5E5&#8243; background_enable_image=&#8221;off&#8221; text_font_size_tablet=&#8221;19px&#8221; text_font_size_phone=&#8221;18px&#8221; text_font_size_last_edited=&#8221;on|desktop&#8221; header_font_size_tablet=&#8221;&#8221; header_font_size_phone=&#8221;60px&#8221; header_font_size_last_edited=&#8221;on|phone&#8221; global_colors_info=&#8221;{}&#8221;]<\/p>\n<h4><\/h4>\n<h1>Medlem<\/h1>\n<p>H\u00e4r hittar du mer information om medlemskap i f\u00f6reningen<\/p>\n<p>[\/et_pb_text][\/et_pb_column][et_pb_column type=&#8221;2_5&#8243; _builder_version=&#8221;4.16&#8243; _module_preset=&#8221;default&#8221; global_colors_info=&#8221;{}&#8221;][\/et_pb_column][\/et_pb_row][\/et_pb_section][et_pb_section fb_built=&#8221;1&#8243; _builder_version=&#8221;4.16&#8243; _module_preset=&#8221;default&#8221; custom_padding=&#8221;8px|||||&#8221; global_colors_info=&#8221;{}&#8221;][et_pb_row _builder_version=&#8221;4.24.2&#8243; _module_preset=&#8221;default&#8221; global_colors_info=&#8221;{}&#8221;][et_pb_column type=&#8221;4_4&#8243; _builder_version=&#8221;4.24.2&#8243; _module_preset=&#8221;default&#8221; global_colors_info=&#8221;{}&#8221;][et_pb_text _builder_version=&#8221;4.24.3&#8243; _module_preset=&#8221;default&#8221; global_colors_info=&#8221;{}&#8221;]<\/p>\n<div class=\"q_elements_holder one_column responsive_mode_from_768\">\n<div class=\"q_elements_item \" data-1024-1280=\"0px 38% 0px 0px\" data-768-1024=\"0px 28% 0px 0px\" data-600-768=\"0px 20% 0px 0px\" data-480-600=\"0px 0% 0px 0px\" data-480=\"0px 0% 0px 0px\" data-animation=\"no\" data-item-class=\"q_elements_holder_custom_682733\">\n<div class=\"q_elements_item_inner\">\n<div class=\"q_elements_item_content q_elements_holder_custom_682733\">\n<div class=\"wpb_text_column wpb_content_element  vc_custom_1637921810801\">\n<div class=\"wpb_wrapper\">\n<h3><span>Bli medlem i Smaker fr\u00e5n S\u00f6der\u00e5sen<\/span><\/h3>\n<p>\u00c4r du intresserad av att medverka i v\u00e5rt koncept?<\/p>\n<p>Nedan kan du skicka in din ans\u00f6kan om medlemskap.\u00a0<\/p>\n<\/div>\n<\/div>\n<\/div>\n<\/div>\n<\/div>\n<\/div>\n<div class=\"wpb_text_column wpb_content_element \">\n<div class=\"wpb_wrapper\">\n<p>Har du fr\u00e5gor mail till oss p\u00e5 <a href=\"mailto:info@smakerframs\">info@smakerframs<\/a>oderasen.se<\/p>\n<div class=\"separator  transparent center  \"><\/div>\n<p><strong>Nya medlemmar \u2013 ans\u00f6kan<\/strong><br \/>Om du tycker S\u00f6der\u00e5sen beh\u00f6ver sina sm\u00e5skaliga livsmedelshantverkare och vill arbeta med att \u00f6ka bes\u00f6ksn\u00e4ringen i och omkring S\u00f6der\u00e5sen \u00e4r du kanske en av oss.<\/p>\n<div class=\"separator  transparent center  \"><\/div>\n<p><strong>1 \u00a7 \u00c4ndam\u00e5l<\/strong><br \/>F\u00f6reningen har som \u00e4ndam\u00e5l att samla sm\u00e5skaliga livsmedelsproducenter\/tj\u00e4nstef\u00f6retag med lokal anknytning till och runt S\u00f6der\u00e5sen f\u00f6r att st\u00e4rka och utveckla en levande landsbygd och \u00f6ka bes\u00f6ksn\u00e4ringen kring S\u00f6der\u00e5sen. All verksamhet som f\u00f6reningen bedriver skall aktivt fr\u00e4mja och genomsyras av en h\u00e5llbar utveckling, \u00f6ppenhet, j\u00e4mlikhet, tolerans och demokrati.<\/p>\n<div class=\"separator  transparent center  \"><\/div>\n<ul>\n<li>Vill du vara med i ett n\u00e4tverk av sm\u00e5skaliga livsmedelsproducenter?<\/li>\n<li>Vill du n\u00e5 fler kunder med din marknadsf\u00f6ring?<\/li>\n<li>Vill du ha hj\u00e4lp med inf\u00f6rs\u00e4ljning och leveranser till dina kunder?<\/li>\n<li>Vill du ha fler kunder hem till dig?<\/li>\n<li>Vill du g\u00f6ra arrangemang tillsammans?<\/li>\n<\/ul>\n<div class=\"separator  transparent center  \"><\/div>\n<p>V\u00e4lkommen med din ans\u00f6kan! Fyll i dina uppgifter och skicka in till oss.<\/p>\n<p>&nbsp;<\/p>\n<p>\u00c5rsmedlemsavgift f\u00f6r 2025 \u00e4r 500 kr<\/p>\n<\/div>\n<\/div>\n<div class=\"vc_empty_space\"><\/div>\n<p>[\/et_pb_text][\/et_pb_column][\/et_pb_row][et_pb_row column_structure=&#8221;1_2,1_2&#8243; _builder_version=&#8221;4.24.2&#8243; _module_preset=&#8221;default&#8221; global_colors_info=&#8221;{}&#8221;][et_pb_column type=&#8221;1_2&#8243; _builder_version=&#8221;4.24.2&#8243; _module_preset=&#8221;default&#8221; global_colors_info=&#8221;{}&#8221;][et_pb_button button_url=&#8221;@ET-DC@eyJkeW5hbWljIjp0cnVlLCJjb250ZW50IjoicG9zdF9saW5rX3VybF9wb3N0Iiwic2V0dGluZ3MiOnsicG9zdF9pZCI6IjQzMyJ9fQ==@&#8221; button_text=&#8221;Ans\u00f6kan om medlemskap&#8221; _builder_version=&#8221;4.27.4&#8243; _dynamic_attributes=&#8221;button_url&#8221; _module_preset=&#8221;default&#8221; custom_button=&#8221;on&#8221; button_bg_color=&#8221;#5d7e4c&#8221; button_border_color=&#8221;#5d7e4c&#8221; button_border_radius=&#8221;25px&#8221; background_layout=&#8221;dark&#8221; hover_enabled=&#8221;0&#8243; global_colors_info=&#8221;{}&#8221; button_text_size_last_edited=&#8221;on|phone&#8221; sticky_enabled=&#8221;0&#8243; button_text_size_phone=&#8221;18px&#8221;][\/et_pb_button][\/et_pb_column][et_pb_column type=&#8221;1_2&#8243; _builder_version=&#8221;4.24.2&#8243; _module_preset=&#8221;default&#8221; global_colors_info=&#8221;{}&#8221;][et_pb_button button_url=&#8221;@ET-DC@eyJkeW5hbWljIjp0cnVlLCJjb250ZW50IjoicG9zdF9saW5rX3VybF9wYWdlIiwic2V0dGluZ3MiOnsicG9zdF9pZCI6IjEyIn19@&#8221; button_text=&#8221;Redan medlem logga in&#8221; _builder_version=&#8221;4.27.4&#8243; _dynamic_attributes=&#8221;button_url&#8221; _module_preset=&#8221;default&#8221; custom_button=&#8221;on&#8221; button_text_color=&#8221;#ffffff&#8221; button_bg_color=&#8221;#5d7e4c&#8221; button_border_color=&#8221;#5d7e4c&#8221; button_border_radius=&#8221;25px&#8221; hover_enabled=&#8221;0&#8243; global_colors_info=&#8221;{}&#8221; button_text_size_last_edited=&#8221;on|phone&#8221; sticky_enabled=&#8221;0&#8243; button_text_size_phone=&#8221;18px&#8221;][\/et_pb_button][\/et_pb_column][\/et_pb_row][\/et_pb_section]<\/p>\n","protected":false},"excerpt":{"rendered":"<p>Medlem H\u00e4r hittar du mer information om medlemskap i f\u00f6reningen Bli medlem i Smaker fr\u00e5n S\u00f6der\u00e5sen \u00c4r du intresserad av att medverka i v\u00e5rt koncept? Nedan kan du skicka in din ans\u00f6kan om medlemskap.\u00a0 Har du fr\u00e5gor mail till oss p\u00e5 info@smakerframsoderasen.se Nya medlemmar \u2013 ans\u00f6kanOm du tycker S\u00f6der\u00e5sen beh\u00f6ver sina sm\u00e5skaliga livsmedelshantverkare och vill [&hellip;]<\/p>\n","protected":false},"author":1,"featured_media":0,"parent":0,"menu_order":0,"comment_status":"closed","ping_status":"closed","template":"","meta":{"_acf_changed":false,"_et_pb_use_builder":"on","_et_pb_old_content":"","_et_gb_content_width":"","footnotes":""},"class_list":["post-18","page","type-page","status-publish","hentry"],"acf":[],"_links":{"self":[{"href":"https:\/\/upplevsoderasen.se\/smakerfransoderasen\/wp-json\/wp\/v2\/pages\/18","targetHints":{"allow":["GET"]}}],"collection":[{"href":"https:\/\/upplevsoderasen.se\/smakerfransoderasen\/wp-json\/wp\/v2\/pages"}],"about":[{"href":"https:\/\/upplevsoderasen.se\/smakerfransoderasen\/wp-json\/wp\/v2\/types\/page"}],"author":[{"embeddable":true,"href":"https:\/\/upplevsoderasen.se\/smakerfransoderasen\/wp-json\/wp\/v2\/users\/1"}],"replies":[{"embeddable":true,"href":"https:\/\/upplevsoderasen.se\/smakerfransoderasen\/wp-json\/wp\/v2\/comments?post=18"}],"version-history":[{"count":4,"href":"https:\/\/upplevsoderasen.se\/smakerfransoderasen\/wp-json\/wp\/v2\/pages\/18\/revisions"}],"predecessor-version":[{"id":968,"href":"https:\/\/upplevsoderasen.se\/smakerfransoderasen\/wp-json\/wp\/v2\/pages\/18\/revisions\/968"}],"wp:attachment":[{"href":"https:\/\/upplevsoderasen.se\/smakerfransoderasen\/wp-json\/wp\/v2\/media?parent=18"}],"curies":[{"name":"wp","href":"https:\/\/api.w.org\/{rel}","templated":true}]}}