{"id":12,"date":"2024-03-28T14:16:23","date_gmt":"2024-03-28T13:16:23","guid":{"rendered":"https:\/\/upplevsoderasen.se\/smakerfransoderasen\/?page_id=12"},"modified":"2024-09-21T16:39:52","modified_gmt":"2024-09-21T14:39:52","slug":"inlogg-medlemmar","status":"publish","type":"page","link":"https:\/\/upplevsoderasen.se\/smakerfransoderasen\/inlogg-medlemmar\/","title":{"rendered":"Inlogg medlemmar"},"content":{"rendered":"<p>[et_pb_section fb_built=&#8221;1&#8243; _builder_version=&#8221;4.24.2&#8243; _module_preset=&#8221;default&#8221; background_color=&#8221;RGBA(255,255,255,0)&#8221; background_image=&#8221;http:\/\/upplevsoderasen.se\/smakerfransoderasen\/wp-content\/uploads\/sites\/3\/2024\/03\/Z8B3357_websize.jpg&#8221; custom_padding=&#8221;7px||167px||false|false&#8221; global_colors_info=&#8221;{}&#8221;][et_pb_row _builder_version=&#8221;4.24.0&#8243; _module_preset=&#8221;default&#8221; background_color=&#8221;rgba(255,255,255,0.9)&#8221; max_width=&#8221;400px&#8221; custom_margin=&#8221;40px||40px||true|false&#8221; custom_padding=&#8221;30px|30px|30px|30px|true|true&#8221; border_radii=&#8221;on|20px|20px|20px|20px&#8221; border_width_all=&#8221;2px&#8221; box_shadow_style=&#8221;preset1&#8243; global_colors_info=&#8221;{}&#8221;][et_pb_column type=&#8221;4_4&#8243; _builder_version=&#8221;4.19.3&#8243; _module_preset=&#8221;default&#8221; global_colors_info=&#8221;{}&#8221;][et_pb_text _builder_version=&#8221;4.24.2&#8243; _module_preset=&#8221;default&#8221; header_line_height=&#8221;1.3em&#8221; global_colors_info=&#8221;{}&#8221;]<\/p>\n<h1 style=\"text-align: center;\">Smaker fr\u00e5n S\u00f6der\u00e5sen medlemsportal<\/h1>\n<p>[\/et_pb_text][lrdivi_login_form labels_type=&#8221;custom&#8221; username_label=&#8221;Anv\u00e4ndarnamn eller e-mail&#8221; username_placeholder=&#8221;Anv\u00e4ndarnamn eller e-mail&#8221; password_label=&#8221;L\u00f6senord&#8221; password_placeholder=&#8221;L\u00f6senord&#8221; new_password_label=&#8221;L\u00f6senordet m\u00e5ste inneh\u00e5lla bokst\u00e4ver, siffror och specialtecken, minst 8 tecken l\u00e5ngt. Det \u00e4r viktigt att v\u00e4lja ett s\u00e4kert l\u00f6senord f\u00f6r att systemet ska godk\u00e4nna det&#8221; new_password_placeholder=&#8221;Nytt l\u00f6senord&#8221; confirm_password_label=&#8221;Upprepa l\u00f6senordet&#8221; confirm_password_placeholder=&#8221;Upprepa l\u00f6senordet&#8221; remember_me=&#8221;on&#8221; remember_me_text=&#8221;Kom ih\u00e5g mig&#8221; input_bg_color=&#8221;rgba(224,185,100,0.18)&#8221; btn_text=&#8221;Logga in&#8221; btn_align=&#8221;center&#8221; btn_text_color=&#8221;#000000&#8243; btn_bg_color=&#8221;rgba(224,153,0,0.5)&#8221; btn_bottom_margin=&#8221;3px&#8221; redirect_after_login=&#8221;on&#8221; login_redirection_link=&#8221;https:\/\/upplevsoderasen.se\/smakerfransoderasen\/medlemsportalen\/&#8221; redirect_after_logout=&#8221;on&#8221; logout_redirection_link=&#8221;https:\/\/upplevsoderasen.se\/smakerfransoderasen\/&#8221; lost_password_link=&#8221;on&#8221; lost_password_link_text=&#8221;Gl\u00f6mt l\u00f6senordet&#8221; register_link=&#8221;off&#8221; logged_in_text=&#8221;Klicka h\u00e4r f\u00f6r att logga ut&#8221; lost_password_form_preview=&#8221;off&#8221; lost_password_form_message=&#8221;Gl\u00f6mt ditt l\u00f6senord? Ange ditt anv\u00e4ndarnamn eller emailadress. Ett mail med en \u00e5terst\u00e4llningsl\u00e4nk kommer skickas till din mailadress.&#8221; redirect_after_reset_password=&#8221;on&#8221; reset_password_redirection_link=&#8221;https:\/\/upplevsoderasen.se\/smakerfransoderasen\/inlogg-medlemmar\/&#8221; reset_button_text=&#8221;\u00c5terst\u00e4ll l\u00f6senordet&#8221; success_message=&#8221;En l\u00e4nk f\u00f6r att \u00e5terst\u00e4lla ditt l\u00f6senord har skickats till din mailadress&#8221; row_gap=&#8221;12px&#8221; label_bottom_spacing=&#8221;8px&#8221; input_padding=&#8221;12px|15px|12px|15px|false|true&#8221; _builder_version=&#8221;4.27.0&#8243; _module_preset=&#8221;default&#8221; input_text_font_size=&#8221;16px&#8221; label_text_text_color=&#8221;#000000&#8243; label_text_font_size=&#8221;18px&#8221; button_text_font_size=&#8221;18px&#8221; message_font=&#8221;|600|||||||&#8221; external_link_text_color=&#8221;#000000&#8243; hover_enabled=&#8221;0&#8243; border_radii_button_border=&#8221;on|10px|10px|10px|10px&#8221; border_width_all_button_border=&#8221;2px&#8221; border_color_all_button_border=&#8221;#000000&#8243; border_style_all_button_border=&#8221;solid&#8221; border_radii_input_default=&#8221;on|10px|10px|10px|10px&#8221; border_width_all_input_default=&#8221;2px&#8221; border_color_all_input_default=&#8221;#000000&#8243; global_colors_info=&#8221;{}&#8221; sticky_enabled=&#8221;0&#8243;][\/lrdivi_login_form][\/et_pb_column][\/et_pb_row][\/et_pb_section]<\/p>\n","protected":false},"excerpt":{"rendered":"<p>Smaker fr\u00e5n S\u00f6der\u00e5sen medlemsportal<div class=\"et_pb_module lrdivi_login_form lrdivi_login_form_0\">\n\t\t\t\t\n\t\t\t\t\n\t\t\t\t\n\t\t\t\t\n\t\t\t\t\n\t\t\t\t\n\t\t\t\t<div class=\"et_pb_module_inner\">\n\t\t\t\t\t<form method=\"post\" class=\"lrdivi-loginform\" data-nonce=\"846ff325a4\" data-redirect=\"\" data-redirect_link=\"\" data-logout-redirect=\"\" data-logout-redirect-link=\"\" data-url=\"https:\/\/upplevsoderasen.se\/smakerfransoderasen\/wp-admin\/admin-ajax.php\" >\r\n\t\t\t\t<div class=\"lrdivi-loginform__group-wrap\">\r\n\t\t\t\t\t<div class=\"lrd_login_form_items\">\r\n\t\t\t\t\t<div class=\"et_pb_module_inner\">\r\n\t\t\t\t\t\t<div class=\"lrdivi-loginform__input-group lrd-regform__user_name\">\r\n\t\t\t\t\t\t\t\t\t\t\t<label class=\"lrdivi-loginform__label-mark\"> Username or Email Address <\/label>\r\n\t\t\t\t\t\t\t\t\t\t\t<div class=\"lrdivi-loginform__form-outter\">\r\n\t\t\t\t\t\t\t\t\t\t\t\t<input type=\"text\" name=\"lrd_user_name\" class=\"lrdivi-loginform__requried-on lrdivi-loginform__input-fields\">\r\n\t\t\t\t\t\t\t\t\t\t\t\t<div class=\"lrdivi-loginform__error-message lrdivi-loginform__error-message-required\"><\/div>\r\n\t\t\t\t\t\t\t\t\t\t\t<\/div>\r\n\t\t\t\t\t\t\t\t\t\t<\/div>\r\n\t\t\t\t\t<\/div>\r\n\t\t\t\t<\/div>\r\n\t\t\t\t<div class=\"lrd_login_form_items\">\r\n\t\t\t\t\t<div class=\"et_pb_module_inner\">\r\n\t\t\t\t\t\t<div class=\"lrdivi-loginform__input-group lrd-regform__password\">\r\n\t\t\t\t\t\t\t\t\t\t\t<label class=\"lrdivi-loginform__label-mark\"> Password <\/label>\r\n\t\t\t\t\t\t\t\t\t\t\t<div class=\"lrdivi-loginform__form-outter\">\r\n\t\t\t\t\t\t\t\t\t\t\t\t<input type=\"password\" name=\"lrd_user_pass\" class=\"lrdivi-loginform__requried-on lrdivi-loginform__input-fields\">\r\n\t\t\t\t\t\t\t\t\t\t\t\t<div class=\"lrdivi-loginform__error-message lrdivi-loginform__error-message-required\"><\/div>\r\n\t\t\t\t\t\t\t\t\t\t\t<\/div>\r\n\t\t\t\t\t\t\t\t\t\t<\/div>\r\n\t\t\t\t\t<\/div>\r\n\t\t\t\t<\/div>\r\n\t\t\t\t\t\r\n\t\t\t\t\t<button type=\"submit\" class=\"lrdivi-login_submit-btn lrdivi-loginform__btn-col_100 lrdivi-loginform__btn-align-&#8221;center&#8221;\">\r\n                        <span class=\"lrdivi-loginform__btn-text\">&#8221;Logga<\/span>\r\n\t\t\t\t\t<\/button>\r\n\t\t\t\t\t\r\n\t\t\t\t\t<div class=\"lrdivi-loginform__message-wrap\">\r\n\t\t\t\t\t<div class=\"lrdivi-loginform__error-message lrdivi-logingform__error\">Error: Something went wrong! Unable to complete the login process.<\/div>\r\n\t\t\t\t<\/div>\r\n\t\t\t\t<\/div>\r\n\t\t\t<\/form>\n\t\t\t\t<\/div>\n\t\t\t<\/div><\/p>\n","protected":false},"author":1,"featured_media":0,"parent":0,"menu_order":0,"comment_status":"closed","ping_status":"closed","template":"","meta":{"_acf_changed":false,"_et_pb_use_builder":"on","_et_pb_old_content":"","_et_gb_content_width":"","footnotes":""},"class_list":["post-12","page","type-page","status-publish","hentry"],"acf":[],"_links":{"self":[{"href":"https:\/\/upplevsoderasen.se\/smakerfransoderasen\/wp-json\/wp\/v2\/pages\/12","targetHints":{"allow":["GET"]}}],"collection":[{"href":"https:\/\/upplevsoderasen.se\/smakerfransoderasen\/wp-json\/wp\/v2\/pages"}],"about":[{"href":"https:\/\/upplevsoderasen.se\/smakerfransoderasen\/wp-json\/wp\/v2\/types\/page"}],"author":[{"embeddable":true,"href":"https:\/\/upplevsoderasen.se\/smakerfransoderasen\/wp-json\/wp\/v2\/users\/1"}],"replies":[{"embeddable":true,"href":"https:\/\/upplevsoderasen.se\/smakerfransoderasen\/wp-json\/wp\/v2\/comments?post=12"}],"version-history":[{"count":0,"href":"https:\/\/upplevsoderasen.se\/smakerfransoderasen\/wp-json\/wp\/v2\/pages\/12\/revisions"}],"wp:attachment":[{"href":"https:\/\/upplevsoderasen.se\/smakerfransoderasen\/wp-json\/wp\/v2\/media?parent=12"}],"curies":[{"name":"wp","href":"https:\/\/api.w.org\/{rel}","templated":true}]}}